{"id":70,"date":"2013-05-01T10:57:26","date_gmt":"2013-05-01T10:57:26","guid":{"rendered":"http:\/\/vipprojekt.ee\/wordpress\/?page_id=70"},"modified":"2016-05-10T16:14:18","modified_gmt":"2016-05-10T16:14:18","slug":"links","status":"publish","type":"page","link":"https:\/\/www.vipprojekt.ee\/en\/links\/","title":{"rendered":"Links"},"content":{"rendered":"<table id=\"links_table\" border=\"1\" summary=\"Huvitavad lingid.\" cellpadding=\"4\">\n<tbody>\n<tr>\n<th>Link<\/th>\n<th>Description<\/th>\n<\/tr>\n<tr>\n<td><a href=\"http:\/\/www.hot.ee\/epbl\/\">EAACEC<\/a><\/td>\n<td>Estonian Association of Architectural and Consulting Engineering Companies<\/td>\n<\/tr>\n<tr>\n<td><a href=\"http:\/\/www.autodesk.com\/\">Autodesk<\/a><\/td>\n<td>Company that makes AutoCAD<\/td>\n<\/tr>\n<tr>\n<td><a href=\"http:\/\/www.amasci.com\/elehob\/alexxtu.html\">Alex&#8217;s Electronic Resource Library<\/a><\/td>\n<td>An Online Guide to Useful Electrical and Electronic Information<\/td>\n<\/tr>\n<tr>\n<td><a href=\"http:\/\/pjae.solness.ee\/?ID=1\"> Projekt&amp;Ehitus Online<\/a><\/td>\n<td>Estonian Design &amp; Building Database<\/td>\n<\/tr>\n<tr>\n<td><a href=\"http:\/\/www.icivilengineer.com\/\">\u00a0<\/a><a href=\"http:\/\/www.ekvy.ee\/index.php?lang=en\" target=\"_blank\">EKV\u00dc<\/a><\/td>\n<td>Eesti K\u00fctte- ja Ventilatsiooniinseneride \u00dchendus<\/td>\n<\/tr>\n<\/tbody>\n<\/table>\n","protected":false},"excerpt":{"rendered":"<p>Link Description EAACEC Estonian Association of Architectural and Consulting Engineering Companies Autodesk Company that makes AutoCAD Alex&#8217;s Electronic Resource Library An Online Guide to Useful Electrical and Electronic Information Projekt&amp;Ehitus Online Estonian Design &amp; Building Database \u00a0EKV\u00dc Eesti K\u00fctte- ja Ventilatsiooniinseneride \u00dchendus<\/p>\n","protected":false},"author":4,"featured_media":0,"parent":0,"menu_order":0,"comment_status":"closed","ping_status":"open","template":"","meta":{"_monsterinsights_skip_tracking":false,"_monsterinsights_sitenote_active":false,"_monsterinsights_sitenote_note":"","_monsterinsights_sitenote_category":0,"footnotes":""},"class_list":["post-70","page","type-page","status-publish","hentry"],"aioseo_notices":[],"_links":{"self":[{"href":"https:\/\/www.vipprojekt.ee\/en\/wp-json\/wp\/v2\/pages\/70","targetHints":{"allow":["GET"]}}],"collection":[{"href":"https:\/\/www.vipprojekt.ee\/en\/wp-json\/wp\/v2\/pages"}],"about":[{"href":"https:\/\/www.vipprojekt.ee\/en\/wp-json\/wp\/v2\/types\/page"}],"author":[{"embeddable":true,"href":"https:\/\/www.vipprojekt.ee\/en\/wp-json\/wp\/v2\/users\/4"}],"replies":[{"embeddable":true,"href":"https:\/\/www.vipprojekt.ee\/en\/wp-json\/wp\/v2\/comments?post=70"}],"version-history":[{"count":7,"href":"https:\/\/www.vipprojekt.ee\/en\/wp-json\/wp\/v2\/pages\/70\/revisions"}],"predecessor-version":[{"id":288,"href":"https:\/\/www.vipprojekt.ee\/en\/wp-json\/wp\/v2\/pages\/70\/revisions\/288"}],"wp:attachment":[{"href":"https:\/\/www.vipprojekt.ee\/en\/wp-json\/wp\/v2\/media?parent=70"}],"curies":[{"name":"wp","href":"https:\/\/api.w.org\/{rel}","templated":true}]}}